{"id":5685,"date":"2016-01-19T19:30:41","date_gmt":"2016-01-19T19:30:41","guid":{"rendered":"http:\/\/localhost\/conserte_wp\/?page_id=5685"},"modified":"2024-05-07T19:18:07","modified_gmt":"2024-05-07T19:18:07","slug":"social","status":"publish","type":"page","link":"https:\/\/conserte.com.br\/index.php\/social\/","title":{"rendered":"Social \/ Sustentabilidade"},"content":{"rendered":"[vc_row][vc_column][mk_fancy_title color=&#8221;#222222&#8243; size=&#8221;48&#8243; txt_transform=&#8221;capitalize&#8221; letter_spacing=&#8221;1&#8243; margin_top=&#8221;60&#8243; margin_bottom=&#8221;0&#8243; font_family=&#8221;Montserrat&#8221; font_type=&#8221;google&#8221; align=&#8221;center&#8221;]\n<p style=\"text-align: center;\"><strong>Sustentabilidade<\/strong><\/p>\n[\/mk_fancy_title][vc_column_text css=&#8221;.vc_custom_1565983204799{margin-bottom: 0px !important;}&#8221;]\n<p style=\"text-align: left;\">Cada vez mais, pensamos no meio ambiente, na economia da energia e nos lixos que produzimos que transformamos em arte.<\/p>\n<p style=\"text-align: left;\">A maioria de nossas loja j\u00e1 est\u00e3o sendo iluminadas com lampadas de LED.<br \/>\nNossas maquinas de costura consomem o mesmo que uma lampada.<\/p>\n<p>Agora temos sacolas retorn\u00e1veis, com direito a desconto de 20%.<\/p>\n[\/vc_column_text][mk_fancy_title color=&#8221;#222222&#8243; size=&#8221;48&#8243; txt_transform=&#8221;capitalize&#8221; letter_spacing=&#8221;1&#8243; margin_top=&#8221;60&#8243; margin_bottom=&#8221;0&#8243; font_family=&#8221;Montserrat&#8221; font_type=&#8221;google&#8221; align=&#8221;center&#8221;]\n<p style=\"text-align: center;\"><strong>Social<\/strong><\/p>\n[\/mk_fancy_title][vc_column_text disable_pattern=&#8221;false&#8221; align=&#8221;center&#8221; css=&#8221;.vc_custom_1514308931876{margin-bottom: 0px !important;}&#8221;]\n<p style=\"text-align: left;\">Todas as nossas funcion\u00e1rias s\u00e3o registradas e recebem comiss\u00f5es e horas extras em seus contracheques. A partir do primeiro ano na empresa, recebem um abono extra salarial e \u00e0s sindicalizamos, pagando a matade dos valores das mensalidades \u00e0 serem descontadas, para que tenha todos os direitos desde tratamento de sa\u00fade, lazer e direitos legais. Tamb\u00e9m oferecemos a filia\u00e7\u00e3o no SESC \/ SENAI, que tamb\u00e9m podem utilizar os cursos, sa\u00fade e lazer. Al\u00e9m de libera\u00e7\u00e3o de empr\u00e9stimos Banc\u00e1rio consignados.<\/p>\n<p style=\"text-align: left;\">Todos os anos quando todas as lojas fecham no Dia do Com\u00e9rcio, elaboramos encontros inusitados com muita alegria presentes e premia\u00e7\u00f5es.<\/p>\n<p style=\"text-align: left;\"><strong>Exemplos recentes:<\/strong><\/p>\n[\/vc_column_text][vc_column_text css=&#8221;.vc_custom_1514309032142{margin-bottom: 0px !important;}&#8221;]Em <strong>2014<\/strong> : Comemoramos os 100 anos da confeitaria Colombo em grande estilo. Com o ch\u00e1 das 17:00hs complet\u00edssimo, muitas fotos feitas por profissional, com back-drop de fundo onde as presenteamos com um book de duas fotos do evento. Veja as fotos:[\/vc_column_text][vc_images_carousel images=&#8221;5738,5763,5762,5761,5760,5759,5758,5757,5756,5755,5754,5753,5752,5751,5750,5749,5748,5747,5746,5745,5744,5743,5742,5741,5740,5739&#8243; img_size=&#8221;fullx200&#8243; slides_per_view=&#8221;4&#8243; autoplay=&#8221;yes&#8221; hide_pagination_control=&#8221;yes&#8221; wrap=&#8221;yes&#8221;][vc_column_text css=&#8221;.vc_custom_1514309218732{margin-bottom: 0px !important;}&#8221;]Em <strong>2015<\/strong>\u00a0: Fechamos o cinema kinoplex do Norte Shopping para um breakfast bem completo e ouvimos palestras elaboradas pelo SESC sobre o C\u00e2ncer de mamas e assistimos o lan\u00e7amento do Filme Vai que cola com um combo de refrigerante e pipocas para todas.[\/vc_column_text][vc_column_text css=&#8221;.vc_custom_1557860556726{margin-bottom: 0px !important;}&#8221;]Em <strong>2016 :<\/strong> Teatro Municipal de Niter\u00f3i onde as equipes receberam a miss\u00e3o de se apresentarem como artistas, com direito a ilumina\u00e7\u00e3o, sonoplastia, camarim, maquiagem da Mary kay lanches e plat\u00e9ia. Onde a Mary Kay ofereceu presentes aos participantes.\u00a0Acreditamos que funcion\u00e1rios felizes, fortalecem a empresa. Veja as fotos :[\/vc_column_text][vc_images_carousel images=&#8221;5802,5816,5803,5804,5805,5806,5807,5808,5810,5811,5812,5813,5814,5815,5809,5801&#8243; img_size=&#8221;fullx200&#8243; slides_per_view=&#8221;4&#8243; autoplay=&#8221;yes&#8221; hide_pagination_control=&#8221;yes&#8221; wrap=&#8221;yes&#8221;][mk_padding_divider size=&#8221;80&#8243;][\/vc_column][\/vc_row][vc_row][\/vc_row][vc_row][vc_column][vc_column_text css=&#8221;.vc_custom_1566244340111{margin-bottom: 0px !important;}&#8221;]<a class=\"whatsapp\" href=\"https:\/\/api.whatsapp.com\/send?phone=5521982188234\" target=\"_blank\" rel=\"noopener\"><img loading=\"lazy\" decoding=\"async\" class=\"alignnone wp-image-7769\" src=\"http:\/\/conserte.com.br\/wp-content\/uploads\/2019\/08\/wpp-icon.png\" alt=\"\" width=\"64\" height=\"64\" srcset=\"https:\/\/conserte.com.br\/wp-content\/uploads\/2019\/08\/wpp-icon.png 64w, https:\/\/conserte.com.br\/wp-content\/uploads\/2019\/08\/wpp-icon-300x300.png 300w\" sizes=\"(max-width: 64px) 100vw, 64px\" \/><\/a>[\/vc_column_text][\/vc_column][\/vc_row]\n","protected":false},"excerpt":{"rendered":"<p>[vc_row][vc_column][mk_fancy_title color=&#8221;#222222&#8243; size=&#8221;48&#8243; txt_transform=&#8221;capitalize&#8221; letter_spacing=&#8221;1&#8243; margin_top=&#8221;60&#8243; margin_bottom=&#8221;0&#8243; font_family=&#8221;Montserrat&#8221; font_type=&#8221;google&#8221; align=&#8221;center&#8221;] Sustentabilidade [\/mk_fancy_title][vc_column_text css=&#8221;.vc_custom_1565983204799{margin-bottom: 0px !important;}&#8221;] Cada vez mais, pensamos no meio ambiente, na economia da energia e nos lixos que produzimos que transformamos em arte. A maioria de nossas loja j\u00e1 est\u00e3o sendo iluminadas com lampadas de LED. Nossas maquinas de costura consomem o mesmo [&hellip;]<\/p>\n","protected":false},"author":2,"featured_media":0,"parent":0,"menu_order":0,"comment_status":"closed","ping_status":"closed","template":"","meta":{"footnotes":""},"_links":{"self":[{"href":"https:\/\/conserte.com.br\/index.php\/wp-json\/wp\/v2\/pages\/5685"}],"collection":[{"href":"https:\/\/conserte.com.br\/index.php\/wp-json\/wp\/v2\/pages"}],"about":[{"href":"https:\/\/conserte.com.br\/index.php\/wp-json\/wp\/v2\/types\/page"}],"author":[{"embeddable":true,"href":"https:\/\/conserte.com.br\/index.php\/wp-json\/wp\/v2\/users\/2"}],"replies":[{"embeddable":true,"href":"https:\/\/conserte.com.br\/index.php\/wp-json\/wp\/v2\/comments?post=5685"}],"version-history":[{"count":48,"href":"https:\/\/conserte.com.br\/index.php\/wp-json\/wp\/v2\/pages\/5685\/revisions"}],"predecessor-version":[{"id":33795,"href":"https:\/\/conserte.com.br\/index.php\/wp-json\/wp\/v2\/pages\/5685\/revisions\/33795"}],"wp:attachment":[{"href":"https:\/\/conserte.com.br\/index.php\/wp-json\/wp\/v2\/media?parent=5685"}],"curies":[{"name":"wp","href":"https:\/\/api.w.org\/{rel}","templated":true}]}}