{"id":6134,"date":"2018-03-23T16:19:46","date_gmt":"2018-03-23T16:19:46","guid":{"rendered":"http:\/\/conserte.com.br\/?page_id=6134"},"modified":"2024-05-02T19:43:31","modified_gmt":"2024-05-02T19:43:31","slug":"convenios","status":"publish","type":"page","link":"https:\/\/conserte.com.br\/index.php\/convenios\/","title":{"rendered":"Conv\u00eanios"},"content":{"rendered":"[vc_row][vc_column][mk_fancy_title color=&#8221;#222222&#8243; size=&#8221;48&#8243; txt_transform=&#8221;capitalize&#8221; letter_spacing=&#8221;1&#8243; margin_top=&#8221;60&#8243; margin_bottom=&#8221;0&#8243; font_family=&#8221;Montserrat&#8221; font_type=&#8221;google&#8221; align=&#8221;center&#8221;]<strong>Conv\u00eanios<\/strong>[\/mk_fancy_title][mk_padding_divider size=&#8221;80&#8243;][\/vc_column][\/vc_row][vc_row][vc_column width=&#8221;1\/2&#8243; el_class=&#8221;fale&#8221;][vc_column_text css=&#8221;.vc_custom_1521822113938{margin-bottom: 0px !important;}&#8221;]\n<p style=\"text-align: center;\"><strong>Conv\u00eanio espec\u00edfico para Lojistas<\/strong><\/p>\n<p>N\u00e3o perca mais vendas, aproveite nossa parceria para finaliz\u00e1-las![\/vc_column_text][mk_custom_list]\n<ul>\n<li>Tratamos seus clientes como VIP;<\/li>\n<li>Todos os servi\u00e7os efetuados v\u00e3o com etiqueta de garantia;<\/li>\n<li>Pequenos ajustes e bainhas para a mesma hora;<\/li>\n<li>Consertos maiores em no m\u00e1ximo 24h;<\/li>\n<\/ul>\n[\/mk_custom_list][vc_column_text css=&#8221;.vc_custom_1521822174926{margin-bottom: 0px !important;}&#8221;]Venha conhecer a mais moderna loja de servi\u00e7os de consertos de roupas do pa\u00eds e beneficiar seus clientes com o nosso servi\u00e7o e atendimento.[\/vc_column_text][vc_btn title=&#8221;Consulte os nossos endere\u00e7os&#8221; style=&#8221;outline-custom&#8221; outline_custom_color=&#8221;#7e0103&#8243; outline_custom_hover_background=&#8221;#7e0103&#8243; outline_custom_hover_text=&#8221;#ffffff&#8221; shape=&#8221;square&#8221; align=&#8221;center&#8221; link=&#8221;url:http%3A%2F%2Fconserte.com.br%2Findex.php%2Flojas%2F|||&#8221;][\/vc_column][vc_column width=&#8221;1\/2&#8243;][vc_column_text css=&#8221;.vc_custom_1513787142036{margin-bottom: 0px !important;}&#8221;]<strong>Ou preencha o formul\u00e1rio abaixo:<\/strong>[\/vc_column_text][vc_column_text css=&#8221;.vc_custom_1521822031457{margin-bottom: 0px !important;}&#8221;]\n<div class=\"wpcf7 no-js\" id=\"wpcf7-f5697-o1\" lang=\"pt-BR\" dir=\"ltr\">\n<div class=\"screen-reader-response\"><p role=\"status\" aria-live=\"polite\" aria-atomic=\"true\"><\/p> <ul><\/ul><\/div>\n<form action=\"\/index.php\/wp-json\/wp\/v2\/pages\/6134#wpcf7-f5697-o1\" method=\"post\" class=\"wpcf7-form init\" aria-label=\"Formul\u00e1rios de contato\" novalidate=\"novalidate\" data-status=\"init\">\n<div style=\"display: none;\">\n<input type=\"hidden\" name=\"_wpcf7\" value=\"5697\" \/>\n<input type=\"hidden\" name=\"_wpcf7_version\" value=\"5.8.4\" \/>\n<input type=\"hidden\" name=\"_wpcf7_locale\" value=\"pt_BR\" \/>\n<input type=\"hidden\" name=\"_wpcf7_unit_tag\" value=\"wpcf7-f5697-o1\" \/>\n<input type=\"hidden\" name=\"_wpcf7_container_post\" value=\"0\" \/>\n<input type=\"hidden\" name=\"_wpcf7_posted_data_hash\" value=\"\" \/>\n<input type=\"hidden\" name=\"_wpcf7_recaptcha_response\" value=\"\" \/>\n<\/div>\n<div class=\"form-convenios\">\n\t<p><label for=\"nome-convenio\">Nome*:<\/label>\n\t<\/p>\n\t<div class=\"input-wrap\">\n\t\t<p><span class=\"wpcf7-form-control-wrap\" data-name=\"nome-convenio\"><input size=\"40\" class=\"wpcf7-form-control wpcf7-text wpcf7-validates-as-required\" id=\"nome-conv\" aria-required=\"true\" aria-invalid=\"false\" value=\"\" type=\"text\" name=\"nome-convenio\" \/><\/span>\n\t\t<\/p>\n\t<\/div>\n\t<p><label for=\"email-convenio\">E-mail*:<\/label>\n\t<\/p>\n\t<div class=\"input-wrap\">\n\t\t<p><span class=\"wpcf7-form-control-wrap\" data-name=\"email-convenio\"><input size=\"40\" class=\"wpcf7-form-control wpcf7-email wpcf7-validates-as-required wpcf7-text wpcf7-validates-as-email\" id=\"email-conv\" aria-required=\"true\" aria-invalid=\"false\" value=\"\" type=\"email\" name=\"email-convenio\" \/><\/span>\n\t\t<\/p>\n\t<\/div>\n\t<p><label for=\"tel-convenio\">Telefone*:<\/label>\n\t<\/p>\n\t<div class=\"input-wrap\">\n\t\t<p><span class=\"wpcf7-form-control-wrap\" data-name=\"tel-convenio\"><input size=\"40\" class=\"wpcf7-form-control wpcf7-tel wpcf7-validates-as-required wpcf7-text wpcf7-validates-as-tel\" id=\"tel-conv\" aria-required=\"true\" aria-invalid=\"false\" value=\"\" type=\"tel\" name=\"tel-convenio\" \/><\/span>\n\t\t<\/p>\n\t<\/div>\n\t<p><label for=\"msg-convenio\">Mensagem*:<\/label>\n\t<\/p>\n\t<div class=\"input-wrap\">\n\t\t<p><span class=\"wpcf7-form-control-wrap\" data-name=\"msg-convenio\"><textarea cols=\"40\" rows=\"5\" class=\"wpcf7-form-control wpcf7-textarea wpcf7-validates-as-required\" id=\"msg-conv\" aria-required=\"true\" aria-invalid=\"false\" name=\"msg-convenio\"><\/textarea><\/span>\n\t\t<\/p>\n\t<\/div>\n\n\t<p><input class=\"wpcf7-form-control wpcf7-submit has-spinner\" type=\"submit\" value=\"Enviar\" \/>\n\t<\/p>\n<\/div><input type='hidden' class='wpcf7-pum' value='{\"closepopup\":false,\"closedelay\":0,\"openpopup\":false,\"openpopup_id\":0}' \/><div class=\"wpcf7-response-output\" aria-hidden=\"true\"><\/div>\n<\/form>\n<\/div>\n[\/vc_column_text][\/vc_column][\/vc_row][vc_row][vc_column][vc_column_text css=&#8221;.vc_custom_1566243778186{margin-bottom: 0px !important;}&#8221;]<a class=\"whatsapp\" href=\"https:\/\/api.whatsapp.com\/send?phone=5521982188234\" target=\"_blank\" rel=\"noopener\"><img loading=\"lazy\" decoding=\"async\" class=\"alignnone wp-image-7769\" src=\"http:\/\/conserte.com.br\/wp-content\/uploads\/2019\/08\/wpp-icon.png\" alt=\"\" width=\"64\" height=\"64\" srcset=\"https:\/\/conserte.com.br\/wp-content\/uploads\/2019\/08\/wpp-icon.png 64w, https:\/\/conserte.com.br\/wp-content\/uploads\/2019\/08\/wpp-icon-300x300.png 300w\" sizes=\"(max-width: 64px) 100vw, 64px\" \/><\/a>[\/vc_column_text][\/vc_column][\/vc_row]\n","protected":false},"excerpt":{"rendered":"<p>[vc_row][vc_column][mk_fancy_title color=&#8221;#222222&#8243; size=&#8221;48&#8243; txt_transform=&#8221;capitalize&#8221; letter_spacing=&#8221;1&#8243; margin_top=&#8221;60&#8243; margin_bottom=&#8221;0&#8243; font_family=&#8221;Montserrat&#8221; font_type=&#8221;google&#8221; align=&#8221;center&#8221;]Conv\u00eanios[\/mk_fancy_title][mk_padding_divider size=&#8221;80&#8243;][\/vc_column][\/vc_row][vc_row][vc_column width=&#8221;1\/2&#8243; el_class=&#8221;fale&#8221;][vc_column_text css=&#8221;.vc_custom_1521822113938{margin-bottom: 0px !important;}&#8221;] Conv\u00eanio espec\u00edfico para Lojistas N\u00e3o perca mais vendas, aproveite nossa parceria para finaliz\u00e1-las![\/vc_column_text][mk_custom_list] Tratamos seus clientes como VIP; Todos os servi\u00e7os efetuados v\u00e3o com etiqueta de garantia; Pequenos ajustes e bainhas para a mesma hora; Consertos maiores em no [&hellip;]<\/p>\n","protected":false},"author":2,"featured_media":0,"parent":0,"menu_order":0,"comment_status":"closed","ping_status":"closed","template":"","meta":{"footnotes":""},"_links":{"self":[{"href":"https:\/\/conserte.com.br\/index.php\/wp-json\/wp\/v2\/pages\/6134"}],"collection":[{"href":"https:\/\/conserte.com.br\/index.php\/wp-json\/wp\/v2\/pages"}],"about":[{"href":"https:\/\/conserte.com.br\/index.php\/wp-json\/wp\/v2\/types\/page"}],"author":[{"embeddable":true,"href":"https:\/\/conserte.com.br\/index.php\/wp-json\/wp\/v2\/users\/2"}],"replies":[{"embeddable":true,"href":"https:\/\/conserte.com.br\/index.php\/wp-json\/wp\/v2\/comments?post=6134"}],"version-history":[{"count":7,"href":"https:\/\/conserte.com.br\/index.php\/wp-json\/wp\/v2\/pages\/6134\/revisions"}],"predecessor-version":[{"id":33744,"href":"https:\/\/conserte.com.br\/index.php\/wp-json\/wp\/v2\/pages\/6134\/revisions\/33744"}],"wp:attachment":[{"href":"https:\/\/conserte.com.br\/index.php\/wp-json\/wp\/v2\/media?parent=6134"}],"curies":[{"name":"wp","href":"https:\/\/api.w.org\/{rel}","templated":true}]}}